{"id":110,"date":"2020-11-27T17:59:19","date_gmt":"2020-11-27T17:59:19","guid":{"rendered":"http:\/\/export-xml.qreativethemes.com\/physio\/?page_id=110"},"modified":"2021-08-09T12:14:09","modified_gmt":"2021-08-09T10:14:09","slug":"leistungen","status":"publish","type":"page","link":"https:\/\/physio-riegelsberg.de\/w\/leistungen\/","title":{"rendered":"Leistungen"},"content":{"rendered":"<div id=\"pl-110\"  class=\"panel-layout\" ><div id=\"pg-110-0\"  class=\"panel-grid panel-no-style\" ><div id=\"pgc-110-0-0\"  class=\"panel-grid-cell\" ><div id=\"panel-110-0-0-0\" class=\"so-panel widget widget_text panel-first-child\" data-index=\"0\" ><h3 class=\"widget-title\">\u00dcberblick<\/h3>\t\t\t<div class=\"textwidget\"><ul>\n<li>Physiotherapie<\/li>\n<li>Manuelle Therapie<\/li>\n<li>Faszientherapie<span class=\"Apple-converted-space\">\u00a0<\/span><\/li>\n<li>Triggerpunktbehandlung<\/li>\n<li>CMD\/ Kiefergelenkstherapie<\/li>\n<li>Manuelle Lymphdrainage<span class=\"Apple-converted-space\">\u00a0<\/span><\/li>\n<li>Massage<\/li>\n<li>Beckenbodentherapie<\/li>\n<li>Pr\u00e4ventive Physiotherapie<\/li>\n<li>Med. Personal Training<\/li>\n<\/ul>\n<\/div>\n\t\t<\/div><div id=\"panel-110-0-0-1\" class=\"so-panel widget widget_text\" data-index=\"1\" >\t\t\t<div class=\"textwidget\"><p><img loading=\"lazy\" decoding=\"async\" class=\"alignnone wp-image-8148 size-large\" src=\"http:\/\/physio-riegelsberg.de\/w\/wp-content\/uploads\/2021\/08\/IMG_4101-1024x683.jpg\" alt=\"\" width=\"1024\" height=\"683\" srcset=\"https:\/\/physio-riegelsberg.de\/w\/wp-content\/uploads\/2021\/08\/IMG_4101-1024x683.jpg 1024w, https:\/\/physio-riegelsberg.de\/w\/wp-content\/uploads\/2021\/08\/IMG_4101-300x200.jpg 300w, https:\/\/physio-riegelsberg.de\/w\/wp-content\/uploads\/2021\/08\/IMG_4101-768x512.jpg 768w, https:\/\/physio-riegelsberg.de\/w\/wp-content\/uploads\/2021\/08\/IMG_4101-1536x1024.jpg 1536w, https:\/\/physio-riegelsberg.de\/w\/wp-content\/uploads\/2021\/08\/IMG_4101-360x240.jpg 360w, https:\/\/physio-riegelsberg.de\/w\/wp-content\/uploads\/2021\/08\/IMG_4101-850x567.jpg 850w, https:\/\/physio-riegelsberg.de\/w\/wp-content\/uploads\/2021\/08\/IMG_4101-272x182.jpg 272w, https:\/\/physio-riegelsberg.de\/w\/wp-content\/uploads\/2021\/08\/IMG_4101.jpg 1920w\" sizes=\"auto, (max-width: 1024px) 100vw, 1024px\" \/><\/p>\n<\/div>\n\t\t<\/div><div id=\"panel-110-0-0-2\" class=\"so-panel widget widget_text panel-last-child\" data-index=\"2\" >\t\t\t<div class=\"textwidget\"><p><strong>In der Regel sollen durch die Therapie verschiedene K\u00f6rperbereiche reguliert und K\u00f6rperfunktionen erhalten bzw. verbessert werden. Dazu z\u00e4hlen zum Beispiel:<span class=\"Apple-converted-space\">\u00a0<\/span><\/strong><\/p>\n<ul>\n<li style=\"list-style-type: none;\">\n<ul>\n<li>die Verbesserung des Stoffwechsels und der Durchblutung<\/li>\n<li>die Linderung von Schmerzen<span class=\"Apple-converted-space\">\u00a0<\/span><\/li>\n<li>die F\u00f6rderung der Koordination, des Gleichgewichts und der Stabilit\u00e4t<span class=\"Apple-converted-space\">\u00a0<\/span><\/li>\n<li>die Steigerung der Kraft Ausdauer und der Beweglichkeit.<span class=\"Apple-converted-space\">\u00a0<\/span><\/li>\n<\/ul>\n<\/li>\n<\/ul>\n<\/div>\n\t\t<\/div><\/div><div id=\"pgc-110-0-1\"  class=\"panel-grid-cell\" ><div id=\"panel-110-0-1-0\" class=\"so-panel widget widget_text panel-first-child\" data-index=\"3\" ><h3 class=\"widget-title\">Wann ist Physiotherapie sinnvoll?<\/h3>\t\t\t<div class=\"textwidget\"><p>Es gibt ein breites Spektrum an Erkrankungen und Funktionsst\u00f6rungen, die nachhaltig physiotherapeutisch behandelt werden k\u00f6nnen.<span class=\"Apple-converted-space\">\u00a0<\/span><\/p>\n<p>Hier finden Sie einige Beispiele:<\/p>\n<ul>\n<li style=\"list-style-type: none;\">\n<ul>\n<li style=\"list-style-type: none;\">\n<ul>\n<li><b>R\u00fcckenschmerzen<\/b><\/li>\n<li><b>Kopfschmerzen\/ Migr\u00e4ne<\/b><\/li>\n<li><b>Kiefergelenksbeschwerden<\/b><\/li>\n<li><b>Tinnitus<\/b><\/li>\n<li><b>Gelenkblockierungen<\/b><\/li>\n<li><b>Tennisellenbogen<\/b><\/li>\n<li><b>Karpaltunnelsyndrom<\/b><\/li>\n<li><b>H\u00fcft-, Knie- und Gelenkschmerzen<\/b><\/li>\n<li><b>Muskul\u00e4re Verh\u00e4rtungen<\/b><\/li>\n<li><b>Bewegungseinschr\u00e4nkungen<\/b><\/li>\n<li><b>Verk\u00fcrzte Muskulatur\/ Faszien<\/b><\/li>\n<li><b>Verklebte Narben<\/b><\/li>\n<li><b>Schwindel\u00a0<\/b><\/li>\n<p><\/br><\/p>\n<li><b>Arthrose<\/b><\/li>\n<li><b>Rheuma<\/b><\/li>\n<li><b>Bandscheibenvorf\u00e4lle<\/b><\/li>\n<li><b>Nach Operationen (z.B. nach Br\u00fcchen)<\/b><\/li>\n<li><b>Schleudertrauma<\/b><\/li>\n<li><b>B\u00e4nderriss\/-\u00fcberdehnung<\/b><\/li>\n<li><b>Schwellungen<\/b><\/li>\n<li><b>Nervenirritationen<\/b><\/li>\n<li><b>Neurologische St\u00f6rungen (z.B. Schlaganfall)<\/b><\/li>\n<li><b>Inkontinenz<\/b><\/li>\n<li><b>Rektusdiastase<\/b><\/li>\n<li><b>Asthma<\/b><\/li>\n<\/ul>\n<\/li>\n<\/ul>\n<\/li>\n<\/ul>\n<\/div>\n\t\t<\/div><div id=\"panel-110-0-1-1\" class=\"so-panel widget widget_text panel-last-child\" data-index=\"4\" >\t\t\t<div class=\"textwidget\"><p><span class=\"Apple-converted-space\">\u00a0<img loading=\"lazy\" decoding=\"async\" class=\"alignnone wp-image-8153 size-large\" src=\"http:\/\/physio-riegelsberg.de\/w\/wp-content\/uploads\/2021\/08\/IMG_3928-1024x683.jpg\" alt=\"\" width=\"1024\" height=\"683\" srcset=\"https:\/\/physio-riegelsberg.de\/w\/wp-content\/uploads\/2021\/08\/IMG_3928-1024x683.jpg 1024w, https:\/\/physio-riegelsberg.de\/w\/wp-content\/uploads\/2021\/08\/IMG_3928-300x200.jpg 300w, https:\/\/physio-riegelsberg.de\/w\/wp-content\/uploads\/2021\/08\/IMG_3928-768x512.jpg 768w, https:\/\/physio-riegelsberg.de\/w\/wp-content\/uploads\/2021\/08\/IMG_3928-360x240.jpg 360w, https:\/\/physio-riegelsberg.de\/w\/wp-content\/uploads\/2021\/08\/IMG_3928-850x567.jpg 850w, https:\/\/physio-riegelsberg.de\/w\/wp-content\/uploads\/2021\/08\/IMG_3928-272x182.jpg 272w, https:\/\/physio-riegelsberg.de\/w\/wp-content\/uploads\/2021\/08\/IMG_3928.jpg 1200w\" sizes=\"auto, (max-width: 1024px) 100vw, 1024px\" \/><\/span><\/p>\n<\/div>\n\t\t<\/div><\/div><\/div><\/div>","protected":false},"excerpt":{"rendered":"<p>Physiotherapie Manuelle Therapie Faszientherapie\u00a0 Triggerpunktbehandlung CMD\/ Kiefergelenkstherapie Manuelle Lymphdrainage\u00a0 Massage Beckenbodentherapie Pr\u00e4ventive Physiotherapie Med. Personal Training In der Regel sollen durch die Therapie verschiedene K\u00f6rperbereiche reguliert und K\u00f6rperfunktionen erhalten bzw. verbessert werden. Dazu z\u00e4hlen zum Beispiel:\u00a0 die Verbesserung des Stoffwechsels und der Durchblutung die Linderung von Schmerzen\u00a0 die F\u00f6rderung der Koordination, des Gleichgewichts und der [&hellip;]<\/p>\n","protected":false},"author":1,"featured_media":0,"parent":0,"menu_order":0,"comment_status":"closed","ping_status":"closed","template":"","meta":{"footnotes":""},"class_list":["post-110","page","type-page","status-publish","hentry"],"_links":{"self":[{"href":"https:\/\/physio-riegelsberg.de\/w\/wp-json\/wp\/v2\/pages\/110","targetHints":{"allow":["GET"]}}],"collection":[{"href":"https:\/\/physio-riegelsberg.de\/w\/wp-json\/wp\/v2\/pages"}],"about":[{"href":"https:\/\/physio-riegelsberg.de\/w\/wp-json\/wp\/v2\/types\/page"}],"author":[{"embeddable":true,"href":"https:\/\/physio-riegelsberg.de\/w\/wp-json\/wp\/v2\/users\/1"}],"replies":[{"embeddable":true,"href":"https:\/\/physio-riegelsberg.de\/w\/wp-json\/wp\/v2\/comments?post=110"}],"version-history":[{"count":11,"href":"https:\/\/physio-riegelsberg.de\/w\/wp-json\/wp\/v2\/pages\/110\/revisions"}],"predecessor-version":[{"id":8216,"href":"https:\/\/physio-riegelsberg.de\/w\/wp-json\/wp\/v2\/pages\/110\/revisions\/8216"}],"wp:attachment":[{"href":"https:\/\/physio-riegelsberg.de\/w\/wp-json\/wp\/v2\/media?parent=110"}],"curies":[{"name":"wp","href":"https:\/\/api.w.org\/{rel}","templated":true}]}}