{"id":55,"date":"2020-11-25T22:45:50","date_gmt":"2020-11-25T22:45:50","guid":{"rendered":"http:\/\/export-xml.qreativethemes.com\/physio\/?page_id=55"},"modified":"2023-12-15T11:37:41","modified_gmt":"2023-12-15T10:37:41","slug":"home","status":"publish","type":"page","link":"https:\/\/physio-riegelsberg.de\/w\/","title":{"rendered":"Home"},"content":{"rendered":"<div id=\"pl-55\"  class=\"panel-layout\" ><div id=\"pg-55-0\"  class=\"panel-grid panel-no-style\" ><div id=\"pgc-55-0-0\"  class=\"panel-grid-cell\" ><div id=\"panel-55-0-0-0\" class=\"so-panel widget widget_media_image panel-first-child panel-last-child\" data-index=\"0\" ><img loading=\"lazy\" decoding=\"async\" width=\"267\" height=\"400\" src=\"https:\/\/physio-riegelsberg.de\/w\/wp-content\/uploads\/2021\/08\/IMG_4235.jpg\" class=\"image wp-image-8098  attachment-267x400 size-267x400\" alt=\"\" style=\"max-width: 100%; height: auto;\" srcset=\"https:\/\/physio-riegelsberg.de\/w\/wp-content\/uploads\/2021\/08\/IMG_4235.jpg 667w, https:\/\/physio-riegelsberg.de\/w\/wp-content\/uploads\/2021\/08\/IMG_4235-200x300.jpg 200w\" sizes=\"auto, (max-width: 267px) 100vw, 267px\" \/><\/div><\/div><div id=\"pgc-55-0-1\"  class=\"panel-grid-cell\" ><div id=\"panel-55-0-1-0\" class=\"so-panel widget widget_sow-editor panel-first-child panel-last-child\" data-index=\"1\" ><div class=\"so-widget-sow-editor so-widget-sow-editor-base\"><h3 class=\"widget-title\">Herzlich Willkommen<\/h3>\n<div class=\"siteorigin-widget-tinymce textwidget\">\n\t<h4 style=\"text-align: left;\">auf der Homepage der Physio Praxis Jannett Houamed, Ihrer Privatpraxis f\u00fcr Physiotherapie in Heusweiler.<\/h4>\n<h4 style=\"text-align: left;\">Suchen Sie eine kompetente Physiotherapeutin, die Sie gr\u00fcndlich und effektiv behandelt? W\u00fcnschen Sie sich einen nachhaltigen Therapieansatz, durch den nicht nur Symptome behandelt werden, sondern auch nach den Ursachen Ihrer Beschwerden gesucht wird?<\/h4>\n<h4 style=\"text-align: left;\"><strong>Dann sind Sie bei mir genau richtig!<\/strong><\/h4>\n<h4 style=\"text-align: left;\"><em><strong>Jannett Houamed<\/strong><\/em><\/h4>\n<\/div>\n<\/div><\/div><\/div><\/div><div id=\"pg-55-1\"  class=\"panel-grid panel-has-style\" ><div class=\"siteorigin-panels-stretch panel-row-style panel-row-style-for-55-1\" data-stretch-type=\"full\" ><div id=\"pgc-55-1-0\"  class=\"panel-grid-cell\" ><div id=\"panel-55-1-0-0\" class=\"so-panel widget widget_sow-editor panel-first-child\" data-index=\"2\" ><div class=\"bigger-widget-title panel-widget-style panel-widget-style-for-55-1-0-0\" ><div class=\"so-widget-sow-editor so-widget-sow-editor-base\"><h3 class=\"widget-title\">Ganzheitlich gegen Schmerzen<\/h3>\n<div class=\"siteorigin-widget-tinymce textwidget\">\n\t<p>\u201eMit Hingabe \u00fcbe ich meinen Beruf unter den therapeutischen Aspekten der Ganzheitlichkeit und Individualit\u00e4t aus.\u201c<span class=\"Apple-converted-space\">\u00a0<\/span><\/p>\n<p>Dabei stehen Sie als Mensch in Ihrer Gesamtheit im Mittelpunkt meiner Behandlung. Zu meinen Grunds\u00e4tzen geh\u00f6rt es, mich in mein Gegen\u00fcber einzuf\u00fchlen und mir Zeit zu nehmen. Dies bedeutet, dass Sie von mir an Ihrem ersten Termin eine ausf\u00fchrliche Untersuchung erwarten k\u00f6nnen. Hierbei ersp\u00fcre ich unter anderem die Spannungszust\u00e4nde von Muskeln, Knochen und Faszien.<span class=\"Apple-converted-space\">\u00a0<\/span><\/p>\n<p>Darauf aufbauend erstelle ich einen individuellen Behandlungsplan und binde Sie aktiv in Ihren Therapieprozess ein. In der Therapie soll die Selbstheilungskraft Ihres K\u00f6rpers durch das gezielte L\u00f6sen von Spannungen angeregt und unterst\u00fctzt werden. Mein Ziel ist es, Ihre Beschwerden nachhaltig zu lindern und dadurch Ihre Lebensqualit\u00e4t zu steigern.<span class=\"Apple-converted-space\">\u00a0<\/span><\/p>\n<p>Bei mir sind Sie in guten H\u00e4nden!<br \/>\n<strong><br \/>\nHerzlichst<br \/>\nJannett Houamed<\/strong><br \/>\nPhysiotherapeutin | B.Sc. Osteopathie<span class=\"Apple-converted-space\">\u00a0<\/span><\/p>\n<p>&nbsp;<\/p>\n<\/div>\n<\/div><\/div><\/div><div id=\"panel-55-1-0-1\" class=\"so-panel widget widget_sow-editor panel-last-child\" data-index=\"3\" ><div class=\"bigger-widget-title panel-widget-style panel-widget-style-for-55-1-0-1\" ><div class=\"so-widget-sow-editor so-widget-sow-editor-base\"><h3 class=\"widget-title\">Anfrage senden<\/h3>\n<div class=\"siteorigin-widget-tinymce textwidget\">\n\t<div role=\"form\" class=\"wpcf7\" id=\"wpcf7-f7235-o1\" lang=\"en-US\" dir=\"ltr\">\n<div class=\"screen-reader-response\"><p role=\"status\" aria-live=\"polite\" aria-atomic=\"true\"><\/p> <ul><\/ul><\/div>\n<form action=\"\/w\/wp-json\/wp\/v2\/pages\/55#wpcf7-f7235-o1\" method=\"post\" class=\"wpcf7-form init\" novalidate=\"novalidate\" data-status=\"init\">\n<div style=\"display: none;\">\n<input type=\"hidden\" name=\"_wpcf7\" value=\"7235\" \/>\n<input type=\"hidden\" name=\"_wpcf7_version\" value=\"5.4.2\" \/>\n<input type=\"hidden\" name=\"_wpcf7_locale\" value=\"en_US\" \/>\n<input type=\"hidden\" name=\"_wpcf7_unit_tag\" value=\"wpcf7-f7235-o1\" \/>\n<input type=\"hidden\" name=\"_wpcf7_container_post\" value=\"0\" \/>\n<input type=\"hidden\" name=\"_wpcf7_posted_data_hash\" value=\"\" \/>\n<\/div>\n<div class=\"questionform white-featured-box\">\n<div class=\"row\">\n<div class=\"col-xs-12 col-md-6\">\n\t\t<span class=\"wpcf7-form-control-wrap your-name\"><input type=\"text\" name=\"your-name\" value=\"\" size=\"40\" class=\"wpcf7-form-control wpcf7-text wpcf7-validates-as-required\" aria-required=\"true\" aria-invalid=\"false\" placeholder=\"Voller Name *\" \/><\/span><span class=\"wpcf7-form-control-wrap your-email\"><input type=\"email\" name=\"your-email\" value=\"\" size=\"40\" class=\"wpcf7-form-control wpcf7-text wpcf7-email wpcf7-validates-as-required wpcf7-validates-as-email\" aria-required=\"true\" aria-invalid=\"false\" placeholder=\"E-Mail *\" \/><\/span><span class=\"wpcf7-form-control-wrap your-phone\"><input type=\"tel\" name=\"your-phone\" value=\"\" size=\"40\" class=\"wpcf7-form-control wpcf7-text wpcf7-tel wpcf7-validates-as-required wpcf7-validates-as-tel\" aria-required=\"true\" aria-invalid=\"false\" placeholder=\"Telefon-Nr. *\" \/><\/span><span class=\"wpcf7-form-control-wrap answer\"><select name=\"answer\" class=\"wpcf7-form-control wpcf7-select wpcf7-validates-as-required\" aria-required=\"true\" aria-invalid=\"false\"><option value=\"\">Kontaktieren via:<\/option><option value=\"Telefon\">Telefon<\/option><option value=\"E-Mail\">E-Mail<\/option><\/select><\/span>\n\t<\/div>\n<div class=\"col-xs-12 col-md-6\">\n\t\t<span class=\"wpcf7-form-control-wrap your-subject\"><input type=\"text\" name=\"your-subject\" value=\"\" size=\"40\" class=\"wpcf7-form-control wpcf7-text wpcf7-validates-as-required\" aria-required=\"true\" aria-invalid=\"false\" placeholder=\"Betreff\" \/><\/span><span class=\"wpcf7-form-control-wrap your-message\"><textarea name=\"your-message\" cols=\"40\" rows=\"10\" class=\"wpcf7-form-control wpcf7-textarea wpcf7-validates-as-required\" aria-required=\"true\" aria-invalid=\"false\" placeholder=\"Nachricht eintippen...\"><\/textarea><\/span><input type=\"submit\" value=\"Anfrage Senden\" class=\"wpcf7-form-control wpcf7-submit btn btn-primary pull-right fullwidth\" \/>\n\t<\/div>\n<\/div>\n<\/div>\n<div class=\"wpcf7-response-output\" aria-hidden=\"true\"><\/div><\/form><\/div>\n<\/div>\n<\/div><\/div><\/div><\/div><div id=\"pgc-55-1-1\"  class=\"panel-grid-cell\" ><div id=\"panel-55-1-1-0\" class=\"so-panel widget widget_media_image panel-first-child\" data-index=\"4\" ><img loading=\"lazy\" decoding=\"async\" width=\"533\" height=\"800\" src=\"https:\/\/physio-riegelsberg.de\/w\/wp-content\/uploads\/2021\/08\/IMG_4032.jpg\" class=\"image wp-image-8221  attachment-full size-full\" alt=\"\" style=\"max-width: 100%; height: auto;\" srcset=\"https:\/\/physio-riegelsberg.de\/w\/wp-content\/uploads\/2021\/08\/IMG_4032.jpg 533w, https:\/\/physio-riegelsberg.de\/w\/wp-content\/uploads\/2021\/08\/IMG_4032-200x300.jpg 200w\" sizes=\"auto, (max-width: 533px) 100vw, 533px\" \/><\/div><div id=\"panel-55-1-1-1\" class=\"so-panel widget widget_media_image panel-last-child\" data-index=\"5\" ><img loading=\"lazy\" decoding=\"async\" width=\"533\" height=\"339\" src=\"https:\/\/physio-riegelsberg.de\/w\/wp-content\/uploads\/2021\/08\/P7310007-2.jpg\" class=\"image wp-image-8300  attachment-full size-full\" alt=\"\" style=\"max-width: 100%; height: auto;\" srcset=\"https:\/\/physio-riegelsberg.de\/w\/wp-content\/uploads\/2021\/08\/P7310007-2.jpg 533w, https:\/\/physio-riegelsberg.de\/w\/wp-content\/uploads\/2021\/08\/P7310007-2-300x191.jpg 300w\" sizes=\"auto, (max-width: 533px) 100vw, 533px\" \/><\/div><\/div><\/div><\/div><div id=\"pg-55-2\"  class=\"panel-grid panel-no-style\" ><div id=\"pgc-55-2-0\"  class=\"panel-grid-cell\" ><div id=\"panel-55-2-0-0\" class=\"so-panel widget widget_sow-editor panel-first-child panel-last-child\" data-index=\"6\" ><div class=\"bigger-widget-title panel-widget-style panel-widget-style-for-55-2-0-0\" ><div class=\"so-widget-sow-editor so-widget-sow-editor-base\"><h3 class=\"widget-title\">Ihre Vorteile<\/h3>\n<div class=\"siteorigin-widget-tinymce textwidget\">\n\t<\/div>\n<\/div><\/div><\/div><\/div><\/div><div id=\"pg-55-3\"  class=\"panel-grid panel-no-style\" ><div id=\"pgc-55-3-0\"  class=\"panel-grid-cell\" ><div id=\"panel-55-3-0-0\" class=\"so-panel widget widget_qt_icon_box widget-icon-box panel-first-child\" data-index=\"7\" >\t\t\t\t<div class=\"icon-box\">\n\t\t\t\t\t\t\t\t\t\t\t\t<div class=\"icon-box--icon\">\n\t\t\t\t\t\t<i class=\"fa fas fa-briefcase-medical\"><\/i>\n\t\t\t\t\t<\/div>\n\t\t\t\t\t\t\t\t<div class=\"icon-box--text\">\n\t\t\t\t\t\t\t\t\t\t\t<h6 class=\"icon-box--title\">Physiotherapie auf h\u00f6chstem Niveau<\/h6>\n\t\t\t\t\t\t\t\t\t\t\t\t\t\t<\/div>\n\t\t\t<\/div>\n\n\t\t\t<\/div><div id=\"panel-55-3-0-1\" class=\"so-panel widget widget_qt_icon_box widget-icon-box\" data-index=\"8\" >\t\t\t\t<div class=\"icon-box\">\n\t\t\t\t\t\t\t\t\t\t\t\t<div class=\"icon-box--icon\">\n\t\t\t\t\t\t<i class=\"fa far fa-clock\"><\/i>\n\t\t\t\t\t<\/div>\n\t\t\t\t\t\t\t\t<div class=\"icon-box--text\">\n\t\t\t\t\t\t\t\t\t\t\t<h6 class=\"icon-box--title\">L\u00e4ngere Behandlungszeiten<\/h6>\n\t\t\t\t\t\t\t\t\t\t\t\t\t\t<\/div>\n\t\t\t<\/div>\n\n\t\t\t<\/div><div id=\"panel-55-3-0-2\" class=\"so-panel widget widget_qt_icon_box widget-icon-box\" data-index=\"9\" >\t\t\t\t<div class=\"icon-box\">\n\t\t\t\t\t\t\t\t\t\t\t\t<div class=\"icon-box--icon\">\n\t\t\t\t\t\t<i class=\"fa fas fa-user-check\"><\/i>\n\t\t\t\t\t<\/div>\n\t\t\t\t\t\t\t\t<div class=\"icon-box--text\">\n\t\t\t\t\t\t\t\t\t\t\t<h6 class=\"icon-box--title\">Individuelle Beratung und Betreuung <\/h6>\n\t\t\t\t\t\t\t\t\t\t\t\t\t\t<\/div>\n\t\t\t<\/div>\n\n\t\t\t<\/div><div id=\"panel-55-3-0-3\" class=\"so-panel widget widget_qt_icon_box widget-icon-box panel-last-child\" data-index=\"10\" >\t\t\t\t<div class=\"icon-box\">\n\t\t\t\t\t\t\t\t\t\t\t\t<div class=\"icon-box--icon\">\n\t\t\t\t\t\t<i class=\"fa fas fa-parking\"><\/i>\n\t\t\t\t\t<\/div>\n\t\t\t\t\t\t\t\t<div class=\"icon-box--text\">\n\t\t\t\t\t\t\t\t\t\t\t<h6 class=\"icon-box--title\">Parkm\u00f6glichkeiten vor der T\u00fcr<\/h6>\n\t\t\t\t\t\t\t\t\t\t\t\t\t\t<\/div>\n\t\t\t<\/div>\n\n\t\t\t<\/div><\/div><div id=\"pgc-55-3-1\"  class=\"panel-grid-cell\" ><div id=\"panel-55-3-1-0\" class=\"so-panel widget widget_qt_icon_box widget-icon-box panel-first-child\" data-index=\"11\" >\t\t\t\t<div class=\"icon-box\">\n\t\t\t\t\t\t\t\t\t\t\t\t<div class=\"icon-box--icon\">\n\t\t\t\t\t\t<i class=\"fa fas fa-check\"><\/i>\n\t\t\t\t\t<\/div>\n\t\t\t\t\t\t\t\t<div class=\"icon-box--text\">\n\t\t\t\t\t\t\t\t\t\t\t<h6 class=\"icon-box--title\">Seit mehr als 15 Jahren mit ganzem Herzen im Beruf <\/h6>\n\t\t\t\t\t\t\t\t\t\t\t\t\t\t<\/div>\n\t\t\t<\/div>\n\n\t\t\t<\/div><div id=\"panel-55-3-1-1\" class=\"so-panel widget widget_qt_icon_box widget-icon-box\" data-index=\"12\" >\t\t\t\t<div class=\"icon-box\">\n\t\t\t\t\t\t\t\t\t\t\t\t<div class=\"icon-box--icon\">\n\t\t\t\t\t\t<i class=\"fa fas fa-users\"><\/i>\n\t\t\t\t\t<\/div>\n\t\t\t\t\t\t\t\t<div class=\"icon-box--text\">\n\t\t\t\t\t\t\t\t\t\t\t<h6 class=\"icon-box--title\">Keine langen Wartezeiten<\/h6>\n\t\t\t\t\t\t\t\t\t\t\t\t\t\t<\/div>\n\t\t\t<\/div>\n\n\t\t\t<\/div><div id=\"panel-55-3-1-2\" class=\"so-panel widget widget_qt_icon_box widget-icon-box\" data-index=\"13\" >\t\t\t\t<div class=\"icon-box\">\n\t\t\t\t\t\t\t\t\t\t\t\t<div class=\"icon-box--icon\">\n\t\t\t\t\t\t<i class=\"fa fas fa-user-plus\"><\/i>\n\t\t\t\t\t<\/div>\n\t\t\t\t\t\t\t\t<div class=\"icon-box--text\">\n\t\t\t\t\t\t\t\t\t\t\t<h6 class=\"icon-box--title\">Privatpatienten<\/h6>\n\t\t\t\t\t\t\t\t\t\t\t\t\t\t<\/div>\n\t\t\t<\/div>\n\n\t\t\t<\/div><div id=\"panel-55-3-1-3\" class=\"so-panel widget widget_qt_icon_box widget-icon-box panel-last-child\" data-index=\"14\" >\t\t\t\t<div class=\"icon-box\">\n\t\t\t\t\t\t\t\t\t\t\t\t<div class=\"icon-box--icon\">\n\t\t\t\t\t\t<i class=\"fa fas fa-traffic-light\"><\/i>\n\t\t\t\t\t<\/div>\n\t\t\t\t\t\t\t\t<div class=\"icon-box--text\">\n\t\t\t\t\t\t\t\t\t\t\t<h6 class=\"icon-box--title\">Gute Anbindung an den \u00f6ffentlichen Nahverkehr<\/h6>\n\t\t\t\t\t\t\t\t\t\t\t\t\t\t<\/div>\n\t\t\t<\/div>\n\n\t\t\t<\/div><\/div><div id=\"pgc-55-3-2\"  class=\"panel-grid-cell\" ><div id=\"panel-55-3-2-0\" class=\"so-panel widget widget_qt_icon_box widget-icon-box panel-first-child\" data-index=\"15\" >\t\t\t\t<div class=\"icon-box\">\n\t\t\t\t\t\t\t\t\t\t\t\t<div class=\"icon-box--icon\">\n\t\t\t\t\t\t<i class=\"fa fas fa-graduation-cap\"><\/i>\n\t\t\t\t\t<\/div>\n\t\t\t\t\t\t\t\t<div class=\"icon-box--text\">\n\t\t\t\t\t\t\t\t\t\t\t<h6 class=\"icon-box--title\">T\u00e4tigkeit und Fortbildung in Deutschland und in den USA <\/h6>\n\t\t\t\t\t\t\t\t\t\t\t\t\t\t<\/div>\n\t\t\t<\/div>\n\n\t\t\t<\/div><div id=\"panel-55-3-2-1\" class=\"so-panel widget widget_qt_icon_box widget-icon-box\" data-index=\"16\" >\t\t\t\t<div class=\"icon-box\">\n\t\t\t\t\t\t\t\t\t\t\t\t<div class=\"icon-box--icon\">\n\t\t\t\t\t\t<i class=\"fa far fa-check-circle\"><\/i>\n\t\t\t\t\t<\/div>\n\t\t\t\t\t\t\t\t<div class=\"icon-box--text\">\n\t\t\t\t\t\t\t\t\t\t\t<h6 class=\"icon-box--title\">Ganzheitliches Therapiekonzept<\/h6>\n\t\t\t\t\t\t\t\t\t\t\t\t\t\t<\/div>\n\t\t\t<\/div>\n\n\t\t\t<\/div><div id=\"panel-55-3-2-2\" class=\"so-panel widget widget_qt_icon_box widget-icon-box panel-last-child\" data-index=\"17\" >\t\t\t\t<div class=\"icon-box\">\n\t\t\t\t\t\t\t\t\t\t\t\t<div class=\"icon-box--icon\">\n\t\t\t\t\t\t<i class=\"fa fas fa-cash-register\"><\/i>\n\t\t\t\t\t<\/div>\n\t\t\t\t\t\t\t\t<div class=\"icon-box--text\">\n\t\t\t\t\t\t\t\t\t\t\t<h6 class=\"icon-box--title\">Selbstzahler<\/h6>\n\t\t\t\t\t\t\t\t\t\t\t\t\t\t<\/div>\n\t\t\t<\/div>\n\n\t\t\t<\/div><\/div><\/div><div id=\"pg-55-4\"  class=\"panel-grid panel-has-style\" ><div class=\"siteorigin-panels-stretch panel-row-style panel-row-style-for-55-4\" data-stretch-type=\"full\" ><div id=\"pgc-55-4-0\"  class=\"panel-grid-cell\" ><div id=\"panel-55-4-0-0\" class=\"so-panel widget widget_qt_call_to_action widget-cta-banner panel-first-child panel-last-child\" data-index=\"18\" >\n\t\t\t<div class=\"call-to-action cta-block\">\n\t\t\t\t<div class=\"call-to-action--content\">\n\t\t\t\t\t<div class=\"call-to-action--title\" style=\"color: #ffffff;\">\n\t\t\t\t\t\tBei mir erhalten Sie die notwendige Unterst\u00fctzung, um Ihre Schmerzen und Beschwerden in den Griff zu bekommen!\t\t\t\t\t<\/div>\n\t\t\t\t\t\t\t\t\t<\/div>\n\t\t\t\t<div class=\"call-to-action--buttons\">\n\t\t\t\t\t<a href=\"http:\/\/physio-riegelsberg.de\/w\/kontakt\/\" class=\"btn btn-outline\" target=\"_self\">Termin Vereinbaren<\/a>\t\t\t\t<\/div>\n\t\t\t<\/div>\n\n\t\t\t<\/div><\/div><\/div><\/div><\/div>","protected":false},"excerpt":{"rendered":"<p>auf der Homepage der Physio Praxis Jannett Houamed, Ihrer Privatpraxis f\u00fcr Physiotherapie in Heusweiler. Suchen Sie eine kompetente Physiotherapeutin, die Sie gr\u00fcndlich und effektiv behandelt? W\u00fcnschen Sie sich einen nachhaltigen Therapieansatz, durch den nicht nur Symptome behandelt werden, sondern auch nach den Ursachen Ihrer Beschwerden gesucht wird? Dann sind Sie bei mir genau richtig! Jannett [&hellip;]<\/p>\n","protected":false},"author":1,"featured_media":0,"parent":0,"menu_order":0,"comment_status":"closed","ping_status":"closed","template":"template-front-jumbtron.php","meta":{"footnotes":""},"class_list":["post-55","page","type-page","status-publish","hentry"],"_links":{"self":[{"href":"https:\/\/physio-riegelsberg.de\/w\/wp-json\/wp\/v2\/pages\/55","targetHints":{"allow":["GET"]}}],"collection":[{"href":"https:\/\/physio-riegelsberg.de\/w\/wp-json\/wp\/v2\/pages"}],"about":[{"href":"https:\/\/physio-riegelsberg.de\/w\/wp-json\/wp\/v2\/types\/page"}],"author":[{"embeddable":true,"href":"https:\/\/physio-riegelsberg.de\/w\/wp-json\/wp\/v2\/users\/1"}],"replies":[{"embeddable":true,"href":"https:\/\/physio-riegelsberg.de\/w\/wp-json\/wp\/v2\/comments?post=55"}],"version-history":[{"count":11,"href":"https:\/\/physio-riegelsberg.de\/w\/wp-json\/wp\/v2\/pages\/55\/revisions"}],"predecessor-version":[{"id":8380,"href":"https:\/\/physio-riegelsberg.de\/w\/wp-json\/wp\/v2\/pages\/55\/revisions\/8380"}],"wp:attachment":[{"href":"https:\/\/physio-riegelsberg.de\/w\/wp-json\/wp\/v2\/media?parent=55"}],"curies":[{"name":"wp","href":"https:\/\/api.w.org\/{rel}","templated":true}]}}